{"id":11,"date":"2021-11-18T23:05:26","date_gmt":"2021-11-18T23:05:26","guid":{"rendered":"https:\/\/complag.com\/?page_id=11"},"modified":"2026-04-01T02:43:52","modified_gmt":"2026-04-01T02:43:52","slug":"acerca-de","status":"publish","type":"page","link":"https:\/\/complag.com\/index.php\/acerca-de\/","title":{"rendered":"Acerca de"},"content":{"rendered":"\n<div class=\"wp-block-columns\">\n<div class=\"wp-block-column\" style=\"flex-basis:100%\">\n<h2>Nuestra historia<\/h2>\n\n\n\n<hr class=\"wp-block-separator\"\/>\n\n\n\n<div class=\"wp-block-group\"><div class=\"wp-block-group__inner-container\">\n<p class=\"has-text-align-left\">A lo largo de los a\u00f1os, COMPLAG ha crecido y evolucionado adapt\u00e1ndose a las necesidades del entorno y a las exigencias del sector, especialmente en \u00e1reas que demandan altos est\u00e1ndares de higiene como la industria alimenticia. Nuestra trayectoria se ha construido con base en el compromiso, la responsabilidad y la confianza de nuestros clientes, quienes respaldan la calidad de nuestro trabajo.<\/p>\n\n\n\n<h2>Misi\u00f3n<\/h2>\n\n\n\n<hr class=\"wp-block-separator\"\/>\n\n\n\n<p>Brindar servicios profesionales de control de plagas que protejan la salud humana y los espacios, mediante m\u00e9todos seguros, eficaces e inocuos, adaptados a las necesidades de cada cliente.<\/p>\n\n\n\n<h2>Visi\u00f3n<\/h2>\n\n\n\n<hr class=\"wp-block-separator\"\/>\n\n\n\n<p>Ser una empresa l\u00edder en el control de plagas en la zona centro del estado de Veracruz, reconocida por su calidad, innovaci\u00f3n y compromiso con la seguridad, la salud y el medio ambiente.<\/p>\n\n\n\n<h2>Compromiso con la calidad<\/h2>\n\n\n\n<hr class=\"wp-block-separator\"\/>\n\n\n\n<p>Nuestro compromiso es ofrecer un servicio confiable, puntual y profesional en cada intervenci\u00f3n. Nos capacitamos constantemente para implementar mejores pr\u00e1cticas y cumplir con los est\u00e1ndares requeridos, especialmente en sectores que demandan control sanitario riguroso.<\/p>\n\n\n\n<h2>Equipo de trabajo<\/h2>\n\n\n\n<hr class=\"wp-block-separator\"\/>\n\n\n\n<p>Contamos con personal capacitado y con experiencia en el manejo de plagas urbanas, enfocado en brindar atenci\u00f3n personalizada y soluciones adaptadas a cada tipo de cliente. Nuestro equipo trabaja con \u00e9tica, discreci\u00f3n y responsabilidad en cada servicio.<\/p>\n\n\n\n<h2>FOTOS<\/h2>\n\n\n\n<div style=\"height:100px\" aria-hidden=\"true\" class=\"wp-block-spacer\"><\/div>\n\n\n\n<figure class=\"wp-block-gallery columns-3 is-cropped\"><ul class=\"blocks-gallery-grid\"><li class=\"blocks-gallery-item\"><figure><img loading=\"lazy\" width=\"1024\" height=\"461\" src=\"https:\/\/complag.com\/wp-content\/uploads\/2026\/03\/IMG_20250729_100952-1024x461.jpg\" alt=\"\" data-id=\"157\" data-link=\"https:\/\/complag.com\/index.php\/acerca-de\/img_20250729_100952\/\" class=\"wp-image-157\" srcset=\"https:\/\/complag.com\/wp-content\/uploads\/2026\/03\/IMG_20250729_100952-1024x461.jpg 1024w, https:\/\/complag.com\/wp-content\/uploads\/2026\/03\/IMG_20250729_100952-300x135.jpg 300w, https:\/\/complag.com\/wp-content\/uploads\/2026\/03\/IMG_20250729_100952-768x346.jpg 768w, https:\/\/complag.com\/wp-content\/uploads\/2026\/03\/IMG_20250729_100952-1536x691.jpg 1536w, https:\/\/complag.com\/wp-content\/uploads\/2026\/03\/IMG_20250729_100952-2048x922.jpg 2048w\" sizes=\"(max-width: 1024px) 100vw, 1024px\" \/><\/figure><\/li><li class=\"blocks-gallery-item\"><figure><img loading=\"lazy\" width=\"1024\" height=\"461\" src=\"https:\/\/complag.com\/wp-content\/uploads\/2026\/03\/IMG_20250730_092459-1024x461.jpg\" alt=\"\" data-id=\"158\" data-link=\"https:\/\/complag.com\/index.php\/acerca-de\/img_20250730_092459\/\" class=\"wp-image-158\" srcset=\"https:\/\/complag.com\/wp-content\/uploads\/2026\/03\/IMG_20250730_092459-1024x461.jpg 1024w, https:\/\/complag.com\/wp-content\/uploads\/2026\/03\/IMG_20250730_092459-300x135.jpg 300w, https:\/\/complag.com\/wp-content\/uploads\/2026\/03\/IMG_20250730_092459-768x346.jpg 768w, https:\/\/complag.com\/wp-content\/uploads\/2026\/03\/IMG_20250730_092459-1536x691.jpg 1536w, https:\/\/complag.com\/wp-content\/uploads\/2026\/03\/IMG_20250730_092459-2048x922.jpg 2048w\" sizes=\"(max-width: 1024px) 100vw, 1024px\" \/><\/figure><\/li><li class=\"blocks-gallery-item\"><figure><img loading=\"lazy\" width=\"1024\" height=\"576\" src=\"https:\/\/complag.com\/wp-content\/uploads\/2026\/03\/IMG_20250730_091222-1024x576.jpg\" alt=\"\" data-id=\"159\" data-link=\"https:\/\/complag.com\/index.php\/acerca-de\/img_20250730_091222\/\" class=\"wp-image-159\" srcset=\"https:\/\/complag.com\/wp-content\/uploads\/2026\/03\/IMG_20250730_091222-1024x576.jpg 1024w, https:\/\/complag.com\/wp-content\/uploads\/2026\/03\/IMG_20250730_091222-300x169.jpg 300w, https:\/\/complag.com\/wp-content\/uploads\/2026\/03\/IMG_20250730_091222-768x432.jpg 768w, https:\/\/complag.com\/wp-content\/uploads\/2026\/03\/IMG_20250730_091222-1536x864.jpg 1536w, https:\/\/complag.com\/wp-content\/uploads\/2026\/03\/IMG_20250730_091222.jpg 1920w\" sizes=\"(max-width: 1024px) 100vw, 1024px\" \/><\/figure><\/li><li class=\"blocks-gallery-item\"><figure><img loading=\"lazy\" width=\"1024\" height=\"461\" src=\"https:\/\/complag.com\/wp-content\/uploads\/2026\/03\/IMG_20250729_100458-1024x461.jpg\" alt=\"\" data-id=\"160\" data-link=\"https:\/\/complag.com\/index.php\/acerca-de\/img_20250729_100458\/\" class=\"wp-image-160\" srcset=\"https:\/\/complag.com\/wp-content\/uploads\/2026\/03\/IMG_20250729_100458-1024x461.jpg 1024w, https:\/\/complag.com\/wp-content\/uploads\/2026\/03\/IMG_20250729_100458-300x135.jpg 300w, https:\/\/complag.com\/wp-content\/uploads\/2026\/03\/IMG_20250729_100458-768x346.jpg 768w, https:\/\/complag.com\/wp-content\/uploads\/2026\/03\/IMG_20250729_100458-1536x691.jpg 1536w, https:\/\/complag.com\/wp-content\/uploads\/2026\/03\/IMG_20250729_100458-2048x922.jpg 2048w\" sizes=\"(max-width: 1024px) 100vw, 1024px\" \/><\/figure><\/li><li class=\"blocks-gallery-item\"><figure><img loading=\"lazy\" width=\"1024\" height=\"461\" src=\"https:\/\/complag.com\/wp-content\/uploads\/2026\/03\/IMG_20250726_213904-1024x461.jpg\" alt=\"\" data-id=\"161\" data-link=\"https:\/\/complag.com\/index.php\/acerca-de\/img_20250726_213904\/\" class=\"wp-image-161\" srcset=\"https:\/\/complag.com\/wp-content\/uploads\/2026\/03\/IMG_20250726_213904-1024x461.jpg 1024w, https:\/\/complag.com\/wp-content\/uploads\/2026\/03\/IMG_20250726_213904-300x135.jpg 300w, https:\/\/complag.com\/wp-content\/uploads\/2026\/03\/IMG_20250726_213904-768x346.jpg 768w, https:\/\/complag.com\/wp-content\/uploads\/2026\/03\/IMG_20250726_213904-1536x691.jpg 1536w, https:\/\/complag.com\/wp-content\/uploads\/2026\/03\/IMG_20250726_213904-2048x922.jpg 2048w\" sizes=\"(max-width: 1024px) 100vw, 1024px\" \/><\/figure><\/li><li class=\"blocks-gallery-item\"><figure><img loading=\"lazy\" width=\"800\" height=\"600\" src=\"https:\/\/complag.com\/wp-content\/uploads\/2026\/03\/IMG-20140201-WA0000-1.jpg\" alt=\"\" data-id=\"176\" data-full-url=\"https:\/\/complag.com\/wp-content\/uploads\/2026\/03\/IMG-20140201-WA0000-1.jpg\" data-link=\"https:\/\/complag.com\/index.php\/acerca-de\/img-20140201-wa0000-1\/\" class=\"wp-image-176\" srcset=\"https:\/\/complag.com\/wp-content\/uploads\/2026\/03\/IMG-20140201-WA0000-1.jpg 800w, https:\/\/complag.com\/wp-content\/uploads\/2026\/03\/IMG-20140201-WA0000-1-300x225.jpg 300w, https:\/\/complag.com\/wp-content\/uploads\/2026\/03\/IMG-20140201-WA0000-1-768x576.jpg 768w\" sizes=\"(max-width: 800px) 100vw, 800px\" \/><\/figure><\/li><li class=\"blocks-gallery-item\"><figure><img loading=\"lazy\" width=\"1024\" height=\"768\" src=\"https:\/\/complag.com\/wp-content\/uploads\/2026\/03\/IMG_20171011_130622227_HDR-1024x768-2.jpg\" alt=\"\" data-id=\"177\" data-full-url=\"https:\/\/complag.com\/wp-content\/uploads\/2026\/03\/IMG_20171011_130622227_HDR-1024x768-2.jpg\" data-link=\"https:\/\/complag.com\/index.php\/acerca-de\/img_20171011_130622227_hdr-1024x768-2\/\" class=\"wp-image-177\" srcset=\"https:\/\/complag.com\/wp-content\/uploads\/2026\/03\/IMG_20171011_130622227_HDR-1024x768-2.jpg 1024w, https:\/\/complag.com\/wp-content\/uploads\/2026\/03\/IMG_20171011_130622227_HDR-1024x768-2-300x225.jpg 300w, https:\/\/complag.com\/wp-content\/uploads\/2026\/03\/IMG_20171011_130622227_HDR-1024x768-2-768x576.jpg 768w\" sizes=\"(max-width: 1024px) 100vw, 1024px\" \/><\/figure><\/li><li class=\"blocks-gallery-item\"><figure><img loading=\"lazy\" width=\"768\" height=\"1024\" src=\"https:\/\/complag.com\/wp-content\/uploads\/2026\/03\/IMG_20210308_215751827-768x1024-2.jpg\" alt=\"\" data-id=\"178\" data-full-url=\"https:\/\/complag.com\/wp-content\/uploads\/2026\/03\/IMG_20210308_215751827-768x1024-2.jpg\" data-link=\"https:\/\/complag.com\/index.php\/acerca-de\/img_20210308_215751827-768x1024-2\/\" class=\"wp-image-178\" srcset=\"https:\/\/complag.com\/wp-content\/uploads\/2026\/03\/IMG_20210308_215751827-768x1024-2.jpg 768w, https:\/\/complag.com\/wp-content\/uploads\/2026\/03\/IMG_20210308_215751827-768x1024-2-225x300.jpg 225w\" sizes=\"(max-width: 768px) 100vw, 768px\" \/><\/figure><\/li><li class=\"blocks-gallery-item\"><figure><img loading=\"lazy\" width=\"768\" height=\"1024\" src=\"https:\/\/complag.com\/wp-content\/uploads\/2026\/03\/IMG_20170601_171042893-768x1024-2.jpg\" alt=\"\" data-id=\"179\" data-full-url=\"https:\/\/complag.com\/wp-content\/uploads\/2026\/03\/IMG_20170601_171042893-768x1024-2.jpg\" data-link=\"https:\/\/complag.com\/index.php\/acerca-de\/img_20170601_171042893-768x1024-2\/\" class=\"wp-image-179\" srcset=\"https:\/\/complag.com\/wp-content\/uploads\/2026\/03\/IMG_20170601_171042893-768x1024-2.jpg 768w, https:\/\/complag.com\/wp-content\/uploads\/2026\/03\/IMG_20170601_171042893-768x1024-2-225x300.jpg 225w\" sizes=\"(max-width: 768px) 100vw, 768px\" \/><\/figure><\/li><li class=\"blocks-gallery-item\"><figure><img loading=\"lazy\" width=\"1024\" height=\"768\" src=\"https:\/\/complag.com\/wp-content\/uploads\/2026\/03\/IMG_20150327_161436330-1024x768-2.jpg\" alt=\"\" data-id=\"180\" data-full-url=\"https:\/\/complag.com\/wp-content\/uploads\/2026\/03\/IMG_20150327_161436330-1024x768-2.jpg\" data-link=\"https:\/\/complag.com\/index.php\/acerca-de\/img_20150327_161436330-1024x768-2\/\" class=\"wp-image-180\" srcset=\"https:\/\/complag.com\/wp-content\/uploads\/2026\/03\/IMG_20150327_161436330-1024x768-2.jpg 1024w, https:\/\/complag.com\/wp-content\/uploads\/2026\/03\/IMG_20150327_161436330-1024x768-2-300x225.jpg 300w, https:\/\/complag.com\/wp-content\/uploads\/2026\/03\/IMG_20150327_161436330-1024x768-2-768x576.jpg 768w\" sizes=\"(max-width: 1024px) 100vw, 1024px\" \/><\/figure><\/li><\/ul><\/figure>\n<\/div><\/div>\n<\/div>\n<\/div>\n","protected":false},"excerpt":{"rendered":"<p>Nuestra historia A lo largo de los a\u00f1os, COMPLAG ha crecido y evolucionado adapt\u00e1ndose a las necesidades del entorno y a las exigencias del sector, especialmente en \u00e1reas que demandan&hellip;<\/p>\n","protected":false},"author":1,"featured_media":0,"parent":0,"menu_order":0,"comment_status":"closed","ping_status":"closed","template":"","meta":{"om_disable_all_campaigns":false,"_monsterinsights_skip_tracking":false,"_monsterinsights_sitenote_active":false,"_monsterinsights_sitenote_note":"","_monsterinsights_sitenote_category":0},"_links":{"self":[{"href":"https:\/\/complag.com\/index.php\/wp-json\/wp\/v2\/pages\/11"}],"collection":[{"href":"https:\/\/complag.com\/index.php\/wp-json\/wp\/v2\/pages"}],"about":[{"href":"https:\/\/complag.com\/index.php\/wp-json\/wp\/v2\/types\/page"}],"author":[{"embeddable":true,"href":"https:\/\/complag.com\/index.php\/wp-json\/wp\/v2\/users\/1"}],"replies":[{"embeddable":true,"href":"https:\/\/complag.com\/index.php\/wp-json\/wp\/v2\/comments?post=11"}],"version-history":[{"count":7,"href":"https:\/\/complag.com\/index.php\/wp-json\/wp\/v2\/pages\/11\/revisions"}],"predecessor-version":[{"id":226,"href":"https:\/\/complag.com\/index.php\/wp-json\/wp\/v2\/pages\/11\/revisions\/226"}],"wp:attachment":[{"href":"https:\/\/complag.com\/index.php\/wp-json\/wp\/v2\/media?parent=11"}],"curies":[{"name":"wp","href":"https:\/\/api.w.org\/{rel}","templated":true}]}}